{"id":160,"date":"2025-11-13T16:34:42","date_gmt":"2025-11-13T15:34:42","guid":{"rendered":"https:\/\/aresmaximus.com\/?page_id=160"},"modified":"2025-12-17T19:34:19","modified_gmt":"2025-12-17T18:34:19","slug":"impressum","status":"publish","type":"page","link":"https:\/\/aresmaximus.com\/pt\/impressum\/","title":{"rendered":"Impress\u00e3o"},"content":{"rendered":"<div data-elementor-type=\"wp-page\" data-elementor-id=\"160\" class=\"elementor elementor-160\" data-elementor-post-type=\"page\">\n\t\t\t\t<div class=\"elementor-element elementor-element-1d4f14f9 e-flex e-con-boxed e-con e-parent\" data-id=\"1d4f14f9\" data-element_type=\"container\" data-e-type=\"container\">\n\t\t\t\t\t<div class=\"e-con-inner\">\n\t\t\t\t\t<\/div>\n\t\t\t\t<\/div>\n\t\t<div class=\"elementor-element elementor-element-48c246e e-flex e-con-boxed e-con e-parent\" data-id=\"48c246e\" data-element_type=\"container\" data-e-type=\"container\">\n\t\t\t\t\t<div class=\"e-con-inner\">\n\t\t\t\t<div class=\"elementor-element elementor-element-70e4977 elementor-widget elementor-widget-html\" data-id=\"70e4977\" data-element_type=\"widget\" data-e-type=\"widget\" data-widget_type=\"html.default\">\n\t\t\t\t\t<h1>Impress\u00e3o<\/h1>\n\n<p>Ares Maximus Trading LDA<br \/>\nCondom\u00ednio Bengo, Bloco A, 10\u00ba andar, Porta A<br \/>\nRua Fern\u00e3o Sousa, Vila Alice<br \/>\nLuanda, Angola<\/p>\n\n<h2>Diretor Geral<\/h2>\n<p>Peter Borbely<\/p>\n\n<h2>Representante autorizado<\/h2>\n<p>Constantino S\u00e9crit<\/p>\n\n<h2>Registo comercial<\/h2>\n<p>N\u00famero de registo: 00203461<\/p>\n\n<h2>N\u00famero de identifica\u00e7\u00e3o fiscal (NIF)<\/h2>\n<p>5000208205<\/p>\n\n<h2>Contactar-nos<\/h2>\n<p>Correio eletr\u00f3nico: info@aresmaximus.com<\/p>\n\n<h2>Forma jur\u00eddica<\/h2>\n<p>Sociedade de responsabilidade limitada de direito angolano (LDA - Sociedade por Quotas)<\/p>\n\n<h2>Nota para os utilizadores internacionais<\/h2>\n<p>Este s\u00edtio Web destina-se a investidores de todo o mundo. Aplicam-se exclusivamente as leis da Rep\u00fablica de Angola. O conte\u00fado n\u00e3o constitui um aconselhamento financeiro, fiscal ou jur\u00eddico.<\/p>\n\n<h2>Declara\u00e7\u00e3o de exonera\u00e7\u00e3o de responsabilidade<\/h2>\n<p>Todos os conte\u00fados foram cuidadosamente compilados. N\u00e3o \u00e9 aceite qualquer responsabilidade pela exatid\u00e3o, integridade e atualidade do conte\u00fado. A utiliza\u00e7\u00e3o do s\u00edtio Web \u00e9 feita por sua conta e risco.<\/p>\n\n<h2>Direitos de autor<\/h2>\n<p>Todos os conte\u00fados est\u00e3o protegidos por direitos de autor. Qualquer utiliza\u00e7\u00e3o ou reprodu\u00e7\u00e3o requer o consentimento pr\u00e9vio por escrito da Ares Maximus Trading LDA.<\/p>\t\t\t\t<\/div>\n\t\t\t\t\t<\/div>\n\t\t\t\t<\/div>\n\t\t\t\t<\/div>","protected":false},"excerpt":{"rendered":"<p>Impressum Ares Maximus Trading LDA Condom\u00ednio Bengo, Bloco A, 10\u00ba andar, Porta A Rua Fern\u00e3o Sousa, Vila Alice Luanda, Angola Gesch\u00e4ftsf\u00fchrer Peter Borbely Vertretungsberechtigte Person Konstantin S\u00e9crit Handelsregister Registernummer: 00203461 Steuernummer (NIF) 5000208205 Kontakt E-Mail: info@aresmaximus.com Rechtsform Gesellschaft mit beschr\u00e4nkter Haftung nach angolanischem Recht (LDA \u2013 Sociedade por Quotas) Hinweis f\u00fcr internationale Nutzer Diese Website [&hellip;]<\/p>\n","protected":false},"author":1,"featured_media":0,"parent":0,"menu_order":14,"comment_status":"closed","ping_status":"closed","template":"elementor_header_footer","meta":{"postBodyCss":"","postBodyMargin":[],"postBodyPadding":[],"postBodyBackground":{"backgroundType":"classic","gradient":""},"footnotes":""},"class_list":["post-160","page","type-page","status-publish","hentry"],"yoast_head":"<!-- This site is optimized with the Yoast SEO plugin v26.9 - https:\/\/yoast.com\/product\/yoast-seo-wordpress\/ -->\n<title>Impressum - ARES MAXIMUS Trading LDA<\/title>\n<meta name=\"robots\" content=\"index, follow, max-snippet:-1, max-image-preview:large, max-video-preview:-1\" \/>\n<link rel=\"canonical\" href=\"https:\/\/aresmaximus.com\/pt\/impressum\/\" \/>\n<meta property=\"og:locale\" content=\"pt_PT\" \/>\n<meta property=\"og:type\" content=\"article\" \/>\n<meta property=\"og:title\" content=\"Impressum - ARES MAXIMUS Trading LDA\" \/>\n<meta property=\"og:description\" content=\"Impressum Ares Maximus Trading LDA Condom\u00ednio Bengo, Bloco A, 10\u00ba andar, Porta A Rua Fern\u00e3o Sousa, Vila Alice Luanda, Angola Gesch\u00e4ftsf\u00fchrer Peter Borbely Vertretungsberechtigte Person Konstantin S\u00e9crit Handelsregister Registernummer: 00203461 Steuernummer (NIF) 5000208205 Kontakt E-Mail: info@aresmaximus.com Rechtsform Gesellschaft mit beschr\u00e4nkter Haftung nach angolanischem Recht (LDA \u2013 Sociedade por Quotas) Hinweis f\u00fcr internationale Nutzer Diese Website [&hellip;]\" \/>\n<meta property=\"og:url\" content=\"https:\/\/aresmaximus.com\/pt\/impressum\/\" \/>\n<meta property=\"og:site_name\" content=\"ARES MAXIMUS Trading LDA\" \/>\n<meta property=\"article:modified_time\" content=\"2025-12-17T18:34:19+00:00\" \/>\n<meta name=\"twitter:card\" content=\"summary_large_image\" \/>\n<meta name=\"twitter:label1\" content=\"Est. reading time\" \/>\n\t<meta name=\"twitter:data1\" content=\"1 minuto\" \/>\n<script type=\"application\/ld+json\" class=\"yoast-schema-graph\">{\"@context\":\"https:\/\/schema.org\",\"@graph\":[{\"@type\":\"WebPage\",\"@id\":\"https:\/\/aresmaximus.com\/impressum\/\",\"url\":\"https:\/\/aresmaximus.com\/impressum\/\",\"name\":\"Impressum - ARES MAXIMUS Trading LDA\",\"isPartOf\":{\"@id\":\"https:\/\/aresmaximus.com\/#website\"},\"datePublished\":\"2025-11-13T15:34:42+00:00\",\"dateModified\":\"2025-12-17T18:34:19+00:00\",\"breadcrumb\":{\"@id\":\"https:\/\/aresmaximus.com\/impressum\/#breadcrumb\"},\"inLanguage\":\"pt-AO\",\"potentialAction\":[{\"@type\":\"ReadAction\",\"target\":[\"https:\/\/aresmaximus.com\/impressum\/\"]}]},{\"@type\":\"BreadcrumbList\",\"@id\":\"https:\/\/aresmaximus.com\/impressum\/#breadcrumb\",\"itemListElement\":[{\"@type\":\"ListItem\",\"position\":1,\"name\":\"Startseite\",\"item\":\"https:\/\/aresmaximus.com\/\"},{\"@type\":\"ListItem\",\"position\":2,\"name\":\"Impressum\"}]},{\"@type\":\"WebSite\",\"@id\":\"https:\/\/aresmaximus.com\/#website\",\"url\":\"https:\/\/aresmaximus.com\/\",\"name\":\"ARES MAXIMUS Trading LDA\",\"description\":\"|\u00a0From the depth of earth to the light of day\",\"publisher\":{\"@id\":\"https:\/\/aresmaximus.com\/#organization\"},\"potentialAction\":[{\"@type\":\"SearchAction\",\"target\":{\"@type\":\"EntryPoint\",\"urlTemplate\":\"https:\/\/aresmaximus.com\/?s={search_term_string}\"},\"query-input\":{\"@type\":\"PropertyValueSpecification\",\"valueRequired\":true,\"valueName\":\"search_term_string\"}}],\"inLanguage\":\"pt-AO\"},{\"@type\":\"Organization\",\"@id\":\"https:\/\/aresmaximus.com\/#organization\",\"name\":\"ARES MAXIMUS Trading LDA\",\"url\":\"https:\/\/aresmaximus.com\/\",\"logo\":{\"@type\":\"ImageObject\",\"inLanguage\":\"pt-AO\",\"@id\":\"https:\/\/aresmaximus.com\/#\/schema\/logo\/image\/\",\"url\":\"https:\/\/aresmaximus.com\/wp-content\/uploads\/2025\/11\/ar-bl.jpg\",\"contentUrl\":\"https:\/\/aresmaximus.com\/wp-content\/uploads\/2025\/11\/ar-bl.jpg\",\"width\":1563,\"height\":1563,\"caption\":\"ARES MAXIMUS Trading LDA\"},\"image\":{\"@id\":\"https:\/\/aresmaximus.com\/#\/schema\/logo\/image\/\"}}]}<\/script>\n<!-- \/ Yoast SEO plugin. -->","yoast_head_json":{"title":"Impressum - ARES MAXIMUS Trading LDA","robots":{"index":"index","follow":"follow","max-snippet":"max-snippet:-1","max-image-preview":"max-image-preview:large","max-video-preview":"max-video-preview:-1"},"canonical":"https:\/\/aresmaximus.com\/pt\/impressum\/","og_locale":"pt_PT","og_type":"article","og_title":"Impressum - ARES MAXIMUS Trading LDA","og_description":"Impressum Ares Maximus Trading LDA Condom\u00ednio Bengo, Bloco A, 10\u00ba andar, Porta A Rua Fern\u00e3o Sousa, Vila Alice Luanda, Angola Gesch\u00e4ftsf\u00fchrer Peter Borbely Vertretungsberechtigte Person Konstantin S\u00e9crit Handelsregister Registernummer: 00203461 Steuernummer (NIF) 5000208205 Kontakt E-Mail: info@aresmaximus.com Rechtsform Gesellschaft mit beschr\u00e4nkter Haftung nach angolanischem Recht (LDA \u2013 Sociedade por Quotas) Hinweis f\u00fcr internationale Nutzer Diese Website [&hellip;]","og_url":"https:\/\/aresmaximus.com\/pt\/impressum\/","og_site_name":"ARES MAXIMUS Trading LDA","article_modified_time":"2025-12-17T18:34:19+00:00","twitter_card":"summary_large_image","twitter_misc":{"Est. reading time":"1 minuto"},"schema":{"@context":"https:\/\/schema.org","@graph":[{"@type":"WebPage","@id":"https:\/\/aresmaximus.com\/impressum\/","url":"https:\/\/aresmaximus.com\/impressum\/","name":"Impressum - ARES MAXIMUS Trading LDA","isPartOf":{"@id":"https:\/\/aresmaximus.com\/#website"},"datePublished":"2025-11-13T15:34:42+00:00","dateModified":"2025-12-17T18:34:19+00:00","breadcrumb":{"@id":"https:\/\/aresmaximus.com\/impressum\/#breadcrumb"},"inLanguage":"pt-AO","potentialAction":[{"@type":"ReadAction","target":["https:\/\/aresmaximus.com\/impressum\/"]}]},{"@type":"BreadcrumbList","@id":"https:\/\/aresmaximus.com\/impressum\/#breadcrumb","itemListElement":[{"@type":"ListItem","position":1,"name":"Startseite","item":"https:\/\/aresmaximus.com\/"},{"@type":"ListItem","position":2,"name":"Impressum"}]},{"@type":"WebSite","@id":"https:\/\/aresmaximus.com\/#website","url":"https:\/\/aresmaximus.com\/","name":"ARES MAXIMUS Trading LDA","description":"| Do fundo da terra \u00e0 luz do dia","publisher":{"@id":"https:\/\/aresmaximus.com\/#organization"},"potentialAction":[{"@type":"SearchAction","target":{"@type":"EntryPoint","urlTemplate":"https:\/\/aresmaximus.com\/?s={search_term_string}"},"query-input":{"@type":"PropertyValueSpecification","valueRequired":true,"valueName":"search_term_string"}}],"inLanguage":"pt-AO"},{"@type":"Organization","@id":"https:\/\/aresmaximus.com\/#organization","name":"ARES MAXIMUS Trading LDA","url":"https:\/\/aresmaximus.com\/","logo":{"@type":"ImageObject","inLanguage":"pt-AO","@id":"https:\/\/aresmaximus.com\/#\/schema\/logo\/image\/","url":"https:\/\/aresmaximus.com\/wp-content\/uploads\/2025\/11\/ar-bl.jpg","contentUrl":"https:\/\/aresmaximus.com\/wp-content\/uploads\/2025\/11\/ar-bl.jpg","width":1563,"height":1563,"caption":"ARES MAXIMUS Trading LDA"},"image":{"@id":"https:\/\/aresmaximus.com\/#\/schema\/logo\/image\/"}}]}},"_links":{"self":[{"href":"https:\/\/aresmaximus.com\/pt\/wp-json\/wp\/v2\/pages\/160","targetHints":{"allow":["GET"]}}],"collection":[{"href":"https:\/\/aresmaximus.com\/pt\/wp-json\/wp\/v2\/pages"}],"about":[{"href":"https:\/\/aresmaximus.com\/pt\/wp-json\/wp\/v2\/types\/page"}],"author":[{"embeddable":true,"href":"https:\/\/aresmaximus.com\/pt\/wp-json\/wp\/v2\/users\/1"}],"replies":[{"embeddable":true,"href":"https:\/\/aresmaximus.com\/pt\/wp-json\/wp\/v2\/comments?post=160"}],"version-history":[{"count":7,"href":"https:\/\/aresmaximus.com\/pt\/wp-json\/wp\/v2\/pages\/160\/revisions"}],"predecessor-version":[{"id":1061,"href":"https:\/\/aresmaximus.com\/pt\/wp-json\/wp\/v2\/pages\/160\/revisions\/1061"}],"wp:attachment":[{"href":"https:\/\/aresmaximus.com\/pt\/wp-json\/wp\/v2\/media?parent=160"}],"curies":[{"name":"wp","href":"https:\/\/api.w.org\/{rel}","templated":true}]}}