{"id":74,"date":"2025-11-13T16:08:07","date_gmt":"2025-11-13T15:08:07","guid":{"rendered":"https:\/\/aresmaximus.com\/?page_id=74"},"modified":"2025-11-24T15:08:46","modified_gmt":"2025-11-24T14:08:46","slug":"nachhaltige-entwicklung","status":"publish","type":"page","link":"https:\/\/aresmaximus.com\/pt\/ueber-uns\/nachhaltige-entwicklung\/","title":{"rendered":"Desenvolvimento sustent\u00e1vel"},"content":{"rendered":"<div data-elementor-type=\"wp-page\" data-elementor-id=\"74\" class=\"elementor elementor-74\" data-elementor-post-type=\"page\">\n\t\t\t\t<div class=\"elementor-element elementor-element-be64857 e-flex e-con-boxed e-con e-parent\" data-id=\"be64857\" data-element_type=\"container\" data-e-type=\"container\" data-settings=\"{&quot;background_background&quot;:&quot;classic&quot;}\">\n\t\t\t\t\t<div class=\"e-con-inner\">\n\t\t<div class=\"elementor-element elementor-element-9bf9bfd e-con-full e-flex e-con e-child\" data-id=\"9bf9bfd\" data-element_type=\"container\" data-e-type=\"container\">\n\t\t<div class=\"elementor-element elementor-element-81c66f4 e-con-full e-flex e-con e-child\" data-id=\"81c66f4\" data-element_type=\"container\" data-e-type=\"container\">\n\t\t<div class=\"elementor-element elementor-element-ceed3fa e-con-full e-flex e-con e-child\" data-id=\"ceed3fa\" data-element_type=\"container\" data-e-type=\"container\">\n\t\t\t\t<div class=\"elementor-element elementor-element-724fa47 elementor-widget__width-initial elementor-invisible elementor-widget elementor-widget-heading\" data-id=\"724fa47\" data-element_type=\"widget\" data-e-type=\"widget\" data-settings=\"{&quot;_animation&quot;:&quot;fadeIn&quot;,&quot;_animation_delay&quot;:350}\" data-widget_type=\"heading.default\">\n\t\t\t\t\t<h2 class=\"elementor-heading-title elementor-size-default\">Utiliza\u00e7\u00e3o dos recursos. Proteger os ecossistemas. Garantir o futuro.<\/h2>\t\t\t\t<\/div>\n\t\t\t\t<\/div>\n\t\t<div class=\"elementor-element elementor-element-7a9ae78 e-con-full e-flex e-con e-child\" data-id=\"7a9ae78\" data-element_type=\"container\" data-e-type=\"container\">\n\t\t\t\t<div class=\"elementor-element elementor-element-7144caf elementor-invisible elementor-widget elementor-widget-gum_heading\" data-id=\"7144caf\" data-element_type=\"widget\" data-e-type=\"widget\" data-settings=\"{&quot;_animation&quot;:&quot;slideInUp&quot;}\" data-widget_type=\"gum_heading.default\">\n\t\t\t\t<div class=\"elementor-widget-container\">\n\t\t\t\t\t<div class=\"gum-widget-title\"><h2 class=\"section-main-title size-default\">Desenvolvimento sustent\u00e1vel<\/h2><\/div>\t\t\t\t<\/div>\n\t\t\t\t<\/div>\n\t\t\t\t<\/div>\n\t\t\t\t<\/div>\n\t\t\t\t<\/div>\n\t\t\t\t\t<\/div>\n\t\t\t\t<\/div>\n\t\t<div class=\"elementor-element elementor-element-5296dfe e-con-full e-flex e-con e-parent\" data-id=\"5296dfe\" data-element_type=\"container\" data-e-type=\"container\">\n\t\t<div class=\"elementor-element elementor-element-31ea256 e-flex e-con-boxed e-con e-child\" data-id=\"31ea256\" data-element_type=\"container\" data-e-type=\"container\">\n\t\t\t\t\t<div class=\"e-con-inner\">\n\t\t<div class=\"elementor-element elementor-element-eb4a7d1 e-con-full e-flex e-con e-child\" data-id=\"eb4a7d1\" data-element_type=\"container\" data-e-type=\"container\">\n\t\t\t\t<div class=\"elementor-element elementor-element-2b1bcde elementor-widget__width-initial elementor-invisible elementor-widget elementor-widget-heading\" data-id=\"2b1bcde\" data-element_type=\"widget\" data-e-type=\"widget\" data-settings=\"{&quot;_animation&quot;:&quot;fadeInDown&quot;}\" data-widget_type=\"heading.default\">\n\t\t\t\t\t<h2 class=\"elementor-heading-title elementor-size-default\">Desenvolvimento sustent\u00e1vel<\/h2>\t\t\t\t<\/div>\n\t\t\t\t<div class=\"elementor-element elementor-element-3fe553f elementor-invisible elementor-widget elementor-widget-heading\" data-id=\"3fe553f\" data-element_type=\"widget\" data-e-type=\"widget\" data-settings=\"{&quot;_animation&quot;:&quot;fadeInUp&quot;,&quot;_animation_delay&quot;:350}\" data-widget_type=\"heading.default\">\n\t\t\t\t\t<h2 class=\"elementor-heading-title elementor-size-default\">Um equil\u00edbrio entre utilidade e natureza.\n<\/h2>\t\t\t\t<\/div>\n\t\t\t\t<div class=\"elementor-element elementor-element-61cc1ee elementor-widget elementor-widget-text-editor\" data-id=\"61cc1ee\" data-element_type=\"widget\" data-e-type=\"widget\" data-widget_type=\"text-editor.default\">\n\t\t\t\t\t\t\t\t\t<p data-start=\"3152\" data-end=\"3459\">A sustentabilidade n\u00e3o \u00e9 um complemento das nossas ac\u00e7\u00f5es, mas o cerne de todas as nossas decis\u00f5es. Os nossos projectos seguem um paradigma ambiental rigoroso que reduz o impacto ecol\u00f3gico, protege os recursos naturais e permite um desenvolvimento a longo prazo.<\/p>\t\t\t\t\t\t\t\t<\/div>\n\t\t\t\t<\/div>\n\t\t<div class=\"elementor-element elementor-element-51e1ee1 e-con-full e-flex e-con e-child\" data-id=\"51e1ee1\" data-element_type=\"container\" data-e-type=\"container\">\n\t\t\t\t<div class=\"elementor-element elementor-element-0522ae6 elementor-invisible elementor-widget elementor-widget-image\" data-id=\"0522ae6\" data-element_type=\"widget\" data-e-type=\"widget\" data-settings=\"{&quot;_animation&quot;:&quot;fadeInDown&quot;}\" data-widget_type=\"image.default\">\n\t\t\t\t\t\t\t\t\t\t\t\t\t\t\t\t<a href=\"https:\/\/aresmaximus.com\/wp-content\/uploads\/2025\/11\/DJI_0014-min.jpg\" data-elementor-open-lightbox=\"yes\" data-elementor-lightbox-title=\"DJI_0014-min\" data-e-action-hash=\"#elementor-action%3Aaction%3Dlightbox%26settings%3DeyJpZCI6Mzg1LCJ1cmwiOiJodHRwczpcL1wvYXJlc21heGltdXMuY29tXC93cC1jb250ZW50XC91cGxvYWRzXC8yMDI1XC8xMVwvREpJXzAwMTQtbWluLmpwZyJ9\">\n\t\t\t\t\t\t\t<img fetchpriority=\"high\" decoding=\"async\" width=\"1000\" height=\"750\" src=\"https:\/\/aresmaximus.com\/wp-content\/uploads\/2025\/11\/DJI_0014-min.jpg\" class=\"attachment-full size-full wp-image-385\" alt=\"\" srcset=\"https:\/\/aresmaximus.com\/wp-content\/uploads\/2025\/11\/DJI_0014-min.jpg 1000w, https:\/\/aresmaximus.com\/wp-content\/uploads\/2025\/11\/DJI_0014-min-300x225.jpg 300w, https:\/\/aresmaximus.com\/wp-content\/uploads\/2025\/11\/DJI_0014-min-768x576.jpg 768w\" sizes=\"(max-width: 1000px) 100vw, 1000px\" \/>\t\t\t\t\t\t\t\t<\/a>\n\t\t\t\t\t\t\t\t\t\t\t\t\t\t\t<\/div>\n\t\t\t\t<div class=\"elementor-element elementor-element-5b01f01 animated-slow elementor-invisible elementor-widget elementor-widget-image\" data-id=\"5b01f01\" data-element_type=\"widget\" data-e-type=\"widget\" data-settings=\"{&quot;_animation&quot;:&quot;fadeInUp&quot;,&quot;_animation_delay&quot;:250}\" data-widget_type=\"image.default\">\n\t\t\t\t\t\t\t\t\t\t\t\t\t\t\t\t<a href=\"https:\/\/aresmaximus.com\/wp-content\/uploads\/2025\/11\/IMAGE-2025-11-24-150701.jpg\" data-elementor-open-lightbox=\"yes\" data-elementor-lightbox-title=\"IMAGE 2025-11-24 15:07:01\" data-e-action-hash=\"#elementor-action%3Aaction%3Dlightbox%26settings%3DeyJpZCI6OTMzLCJ1cmwiOiJodHRwczpcL1wvYXJlc21heGltdXMuY29tXC93cC1jb250ZW50XC91cGxvYWRzXC8yMDI1XC8xMVwvSU1BR0UtMjAyNS0xMS0yNC0xNTA3MDEuanBnIn0%3D\">\n\t\t\t\t\t\t\t<img decoding=\"async\" width=\"1280\" height=\"960\" src=\"https:\/\/aresmaximus.com\/wp-content\/uploads\/2025\/11\/IMAGE-2025-11-24-150701.jpg\" class=\"attachment-full size-full wp-image-933\" alt=\"\" srcset=\"https:\/\/aresmaximus.com\/wp-content\/uploads\/2025\/11\/IMAGE-2025-11-24-150701.jpg 1280w, https:\/\/aresmaximus.com\/wp-content\/uploads\/2025\/11\/IMAGE-2025-11-24-150701-300x225.jpg 300w, https:\/\/aresmaximus.com\/wp-content\/uploads\/2025\/11\/IMAGE-2025-11-24-150701-1024x768.jpg 1024w, https:\/\/aresmaximus.com\/wp-content\/uploads\/2025\/11\/IMAGE-2025-11-24-150701-768x576.jpg 768w, https:\/\/aresmaximus.com\/wp-content\/uploads\/2025\/11\/IMAGE-2025-11-24-150701-16x12.jpg 16w\" sizes=\"(max-width: 1280px) 100vw, 1280px\" \/>\t\t\t\t\t\t\t\t<\/a>\n\t\t\t\t\t\t\t\t\t\t\t\t\t\t\t<\/div>\n\t\t\t\t<\/div>\n\t\t\t\t\t<\/div>\n\t\t\t\t<\/div>\n\t\t<div class=\"elementor-element elementor-element-f10dcf5 e-flex e-con-boxed e-con e-child\" data-id=\"f10dcf5\" data-element_type=\"container\" data-e-type=\"container\">\n\t\t\t\t\t<div class=\"e-con-inner\">\n\t\t<div class=\"elementor-element elementor-element-04dae95 e-con-full e-flex e-con e-child\" data-id=\"04dae95\" data-element_type=\"container\" data-e-type=\"container\">\n\t\t\t\t<div class=\"elementor-element elementor-element-bcf1c69 elementor-invisible elementor-widget elementor-widget-heading\" data-id=\"bcf1c69\" data-element_type=\"widget\" data-e-type=\"widget\" data-settings=\"{&quot;_animation&quot;:&quot;fadeInUp&quot;,&quot;_animation_delay&quot;:350}\" data-widget_type=\"heading.default\">\n\t\t\t\t\t<h2 class=\"elementor-heading-title elementor-size-default\"><h4>95%+<\/h4>\n<p style=\"color: #DFC4AE\">\n  de todos os processos do projeto est\u00e3o sujeitos a um controlo ambiental cont\u00ednuo\n<\/p><\/h2>\t\t\t\t<\/div>\n\t\t\t\t<div class=\"elementor-element elementor-element-29992f2 elementor-invisible elementor-widget elementor-widget-heading\" data-id=\"29992f2\" data-element_type=\"widget\" data-e-type=\"widget\" data-settings=\"{&quot;_animation&quot;:&quot;fadeInUp&quot;,&quot;_animation_delay&quot;:350}\" data-widget_type=\"heading.default\">\n\t\t\t\t\t<h2 class=\"elementor-heading-title elementor-size-default\"><h4>&gt; 12<\/h4>\n<p style=\"color: #DFC4AE\">\n  Programas ambientais especializados integrados (\u00e1gua, solo, vegeta\u00e7\u00e3o, biodiversidade)<\/p><\/h2>\t\t\t\t<\/div>\n\t\t\t\t<div class=\"elementor-element elementor-element-b2e6600 elementor-invisible elementor-widget elementor-widget-heading\" data-id=\"b2e6600\" data-element_type=\"widget\" data-e-type=\"widget\" data-settings=\"{&quot;_animation&quot;:&quot;fadeInUp&quot;,&quot;_animation_delay&quot;:350}\" data-widget_type=\"heading.default\">\n\t\t\t\t\t<h2 class=\"elementor-heading-title elementor-size-default\"><h4>0<\/h4>\n<p style=\"color: #DFC4AE\">\n  interven\u00e7\u00f5es n\u00e3o compensadas - cada interven\u00e7\u00e3o \u00e9 planeada, acompanhada e recultivada\n<\/p><\/h2>\t\t\t\t<\/div>\n\t\t\t\t<div class=\"elementor-element elementor-element-2e88d03 elementor-invisible elementor-widget elementor-widget-heading\" data-id=\"2e88d03\" data-element_type=\"widget\" data-e-type=\"widget\" data-settings=\"{&quot;_animation&quot;:&quot;fadeInUp&quot;,&quot;_animation_delay&quot;:350}\" data-widget_type=\"heading.default\">\n\t\t\t\t\t<h2 class=\"elementor-heading-title elementor-size-default\"><h4>Ancorado em:<\/h4>\n<p style=\"color: #DFC4AE\">\n  EIA - PRAD - PGA - PGR\n<\/p><\/h2>\t\t\t\t<\/div>\n\t\t\t\t<\/div>\n\t\t<div class=\"elementor-element elementor-element-3db4ed4 e-con-full e-flex e-con e-child\" data-id=\"3db4ed4\" data-element_type=\"container\" data-e-type=\"container\">\n\t\t\t\t<div class=\"elementor-element elementor-element-4c4bacd elementor-widget elementor-widget-text-editor\" data-id=\"4c4bacd\" data-element_type=\"widget\" data-e-type=\"widget\" data-widget_type=\"text-editor.default\">\n\t\t\t\t\t\t\t\t\t<p data-start=\"3915\" data-end=\"4027\">Utilizamos processos de \u00faltima gera\u00e7\u00e3o para minimizar as interven\u00e7\u00f5es no solo, na \u00e1gua e na biodiversidade. Isto inclui<\/p><ul data-start=\"4028\" data-end=\"4256\"><li data-start=\"4028\" data-end=\"4061\"><p data-start=\"4030\" data-end=\"4061\">Circuitos fechados de \u00e1gua<\/p><\/li><li data-start=\"4062\" data-end=\"4093\"><p data-start=\"4064\" data-end=\"4093\">Planeamento preciso da \u00e1rea mineira<\/p><\/li><li data-start=\"4094\" data-end=\"4150\"><p data-start=\"4096\" data-end=\"4150\">Recupera\u00e7\u00e3o de \u00e1reas degradadas (de acordo com o PRAD)<\/p><\/li><li data-start=\"4151\" data-end=\"4214\"><p data-start=\"4153\" data-end=\"4214\">Redu\u00e7\u00e3o de res\u00edduos, reciclagem e efici\u00eancia energ\u00e9tica (de acordo com o PGR)<\/p><\/li><li data-start=\"4215\" data-end=\"4256\"><p data-start=\"4217\" data-end=\"4256\">Prote\u00e7\u00e3o dos ecossistemas sens\u00edveis (em conformidade com a PGA)<\/p><\/li><\/ul><p data-start=\"4258\" data-end=\"4358\">O nosso compromisso: cada interven\u00e7\u00e3o deixa uma \u00e1rea ecologicamente mais est\u00e1vel do que antes.<\/p>\t\t\t\t\t\t\t\t<\/div>\n\t\t\t\t<div class=\"elementor-element elementor-element-53b9883 elementor-widget elementor-widget-heading\" data-id=\"53b9883\" data-element_type=\"widget\" data-e-type=\"widget\" data-widget_type=\"heading.default\">\n\t\t\t\t\t<h5 class=\"elementor-heading-title elementor-size-default\">A nossa responsabilidade para com a natureza<\/h5>\t\t\t\t<\/div>\n\t\t\t\t<div class=\"elementor-element elementor-element-5dd3cc6 elementor-widget elementor-widget-text-editor\" data-id=\"5dd3cc6\" data-element_type=\"widget\" data-e-type=\"widget\" data-widget_type=\"text-editor.default\">\n\t\t\t\t\t\t\t\t\t<p data-start=\"4459\" data-end=\"4823\">Encaramos o desenvolvimento sustent\u00e1vel como um processo a longo prazo. Para n\u00f3s, um projeto s\u00f3 \u00e9 considerado bem sucedido se servir as pessoas e proteger a natureza.<br data-start=\"4622\" data-end=\"4625\" \/>\u00c9 por isso que trabalhamos com as comunidades locais, as autoridades ambientais e os institutos cient\u00edficos para avaliar a viabilidade ecol\u00f3gica de cada projeto e desenvolv\u00ea-lo continuamente.<\/p><p data-start=\"4825\" data-end=\"4859\">Para n\u00f3s, sustentabilidade significa<\/p><ul data-start=\"4860\" data-end=\"5046\"><li data-start=\"4860\" data-end=\"4888\"><p data-start=\"4862\" data-end=\"4888\">Prote\u00e7\u00e3o da biodiversidade<\/p><\/li><li data-start=\"4889\" data-end=\"4918\"><p data-start=\"4891\" data-end=\"4918\">Limita\u00e7\u00e3o das emiss\u00f5es<\/p><\/li><li data-start=\"4919\" data-end=\"4956\"><p data-start=\"4921\" data-end=\"4956\">Qualidade segura da \u00e1gua e do solo<\/p><\/li><li data-start=\"4957\" data-end=\"4991\"><p data-start=\"4959\" data-end=\"4991\">Relat\u00f3rios transparentes<\/p><\/li><li data-start=\"4992\" data-end=\"5046\"><p data-start=\"4994\" data-end=\"5046\">Recultivo desde o primeiro dia, n\u00e3o apenas no final<\/p><\/li><\/ul><p data-start=\"5048\" data-end=\"5125\"><strong data-start=\"5048\" data-end=\"5125\">O desenvolvimento sustent\u00e1vel cria o futuro - de forma respons\u00e1vel e mensur\u00e1vel.<\/strong><\/p>\t\t\t\t\t\t\t\t<\/div>\n\t\t\t\t<\/div>\n\t\t\t\t\t<\/div>\n\t\t\t\t<\/div>\n\t\t\t\t<\/div>\n\t\t\t\t<\/div>","protected":false},"excerpt":{"rendered":"<p>Ressourcen nutzen. \u00d6kosysteme sch\u00fctzen. Zukunft sichern. Nachhaltige Entwicklung Nachhaltige Entwicklung Ein Gleichgewicht zwischen Nutzen und Natur. Nachhaltigkeit ist keine Erg\u00e4nzung unseres Handelns, sondern der Kern aller Entscheidungen. Unsere Projekte folgen einem strengen Umweltparadigma, das \u00f6kologische Belastungen reduziert, nat\u00fcrliche Ressourcen sch\u00fctzt und langfristige Entwicklung erm\u00f6glicht. 95%+ aller Projektprozesse unterliegen kontinuierlichem Umweltmonitoring &gt; 12 spezialisierte Umweltprogramme integriert [&hellip;]<\/p>\n","protected":false},"author":1,"featured_media":0,"parent":51,"menu_order":7,"comment_status":"closed","ping_status":"closed","template":"elementor_header_footer","meta":{"postBodyCss":"","postBodyMargin":[],"postBodyPadding":[],"postBodyBackground":{"backgroundType":"classic","gradient":""},"footnotes":""},"class_list":["post-74","page","type-page","status-publish","hentry"],"yoast_head":"<!-- This site is optimized with the Yoast SEO plugin v26.9 - https:\/\/yoast.com\/product\/yoast-seo-wordpress\/ -->\n<title>Nachhaltige Entwicklung - ARES MAXIMUS Trading LDA<\/title>\n<meta name=\"robots\" content=\"index, follow, max-snippet:-1, max-image-preview:large, max-video-preview:-1\" \/>\n<link rel=\"canonical\" href=\"https:\/\/aresmaximus.com\/pt\/ueber-uns\/nachhaltige-entwicklung\/\" \/>\n<meta property=\"og:locale\" content=\"pt_PT\" \/>\n<meta property=\"og:type\" content=\"article\" \/>\n<meta property=\"og:title\" content=\"Nachhaltige Entwicklung - ARES MAXIMUS Trading LDA\" \/>\n<meta property=\"og:description\" content=\"Ressourcen nutzen. \u00d6kosysteme sch\u00fctzen. Zukunft sichern. Nachhaltige Entwicklung Nachhaltige Entwicklung Ein Gleichgewicht zwischen Nutzen und Natur. Nachhaltigkeit ist keine Erg\u00e4nzung unseres Handelns, sondern der Kern aller Entscheidungen. Unsere Projekte folgen einem strengen Umweltparadigma, das \u00f6kologische Belastungen reduziert, nat\u00fcrliche Ressourcen sch\u00fctzt und langfristige Entwicklung erm\u00f6glicht. 95%+ aller Projektprozesse unterliegen kontinuierlichem Umweltmonitoring &gt; 12 spezialisierte Umweltprogramme integriert [&hellip;]\" \/>\n<meta property=\"og:url\" content=\"https:\/\/aresmaximus.com\/pt\/ueber-uns\/nachhaltige-entwicklung\/\" \/>\n<meta property=\"og:site_name\" content=\"ARES MAXIMUS Trading LDA\" \/>\n<meta property=\"article:modified_time\" content=\"2025-11-24T14:08:46+00:00\" \/>\n<meta property=\"og:image\" content=\"https:\/\/aresmaximus.com\/wp-content\/uploads\/2025\/11\/DJI_0014-min.jpg\" \/>\n\t<meta property=\"og:image:width\" content=\"1000\" \/>\n\t<meta property=\"og:image:height\" content=\"750\" \/>\n\t<meta property=\"og:image:type\" content=\"image\/jpeg\" \/>\n<meta name=\"twitter:card\" content=\"summary_large_image\" \/>\n<meta name=\"twitter:label1\" content=\"Est. reading time\" \/>\n\t<meta name=\"twitter:data1\" content=\"1 minuto\" \/>\n<script type=\"application\/ld+json\" class=\"yoast-schema-graph\">{\"@context\":\"https:\/\/schema.org\",\"@graph\":[{\"@type\":\"WebPage\",\"@id\":\"https:\/\/aresmaximus.com\/ueber-uns\/nachhaltige-entwicklung\/\",\"url\":\"https:\/\/aresmaximus.com\/ueber-uns\/nachhaltige-entwicklung\/\",\"name\":\"Nachhaltige Entwicklung - ARES MAXIMUS Trading LDA\",\"isPartOf\":{\"@id\":\"https:\/\/aresmaximus.com\/#website\"},\"primaryImageOfPage\":{\"@id\":\"https:\/\/aresmaximus.com\/ueber-uns\/nachhaltige-entwicklung\/#primaryimage\"},\"image\":{\"@id\":\"https:\/\/aresmaximus.com\/ueber-uns\/nachhaltige-entwicklung\/#primaryimage\"},\"thumbnailUrl\":\"https:\/\/aresmaximus.com\/wp-content\/uploads\/2025\/11\/DJI_0014-min.jpg\",\"datePublished\":\"2025-11-13T15:08:07+00:00\",\"dateModified\":\"2025-11-24T14:08:46+00:00\",\"breadcrumb\":{\"@id\":\"https:\/\/aresmaximus.com\/ueber-uns\/nachhaltige-entwicklung\/#breadcrumb\"},\"inLanguage\":\"pt-AO\",\"potentialAction\":[{\"@type\":\"ReadAction\",\"target\":[\"https:\/\/aresmaximus.com\/ueber-uns\/nachhaltige-entwicklung\/\"]}]},{\"@type\":\"ImageObject\",\"inLanguage\":\"pt-AO\",\"@id\":\"https:\/\/aresmaximus.com\/ueber-uns\/nachhaltige-entwicklung\/#primaryimage\",\"url\":\"https:\/\/aresmaximus.com\/wp-content\/uploads\/2025\/11\/DJI_0014-min.jpg\",\"contentUrl\":\"https:\/\/aresmaximus.com\/wp-content\/uploads\/2025\/11\/DJI_0014-min.jpg\"},{\"@type\":\"BreadcrumbList\",\"@id\":\"https:\/\/aresmaximus.com\/ueber-uns\/nachhaltige-entwicklung\/#breadcrumb\",\"itemListElement\":[{\"@type\":\"ListItem\",\"position\":1,\"name\":\"Startseite\",\"item\":\"https:\/\/aresmaximus.com\/\"},{\"@type\":\"ListItem\",\"position\":2,\"name\":\"\u00dcber uns\",\"item\":\"https:\/\/aresmaximus.com\/ueber-uns\/\"},{\"@type\":\"ListItem\",\"position\":3,\"name\":\"Nachhaltige Entwicklung\"}]},{\"@type\":\"WebSite\",\"@id\":\"https:\/\/aresmaximus.com\/#website\",\"url\":\"https:\/\/aresmaximus.com\/\",\"name\":\"ARES MAXIMUS Trading LDA\",\"description\":\"|\u00a0From the depth of earth to the light of day\",\"publisher\":{\"@id\":\"https:\/\/aresmaximus.com\/#organization\"},\"potentialAction\":[{\"@type\":\"SearchAction\",\"target\":{\"@type\":\"EntryPoint\",\"urlTemplate\":\"https:\/\/aresmaximus.com\/?s={search_term_string}\"},\"query-input\":{\"@type\":\"PropertyValueSpecification\",\"valueRequired\":true,\"valueName\":\"search_term_string\"}}],\"inLanguage\":\"pt-AO\"},{\"@type\":\"Organization\",\"@id\":\"https:\/\/aresmaximus.com\/#organization\",\"name\":\"ARES MAXIMUS Trading LDA\",\"url\":\"https:\/\/aresmaximus.com\/\",\"logo\":{\"@type\":\"ImageObject\",\"inLanguage\":\"pt-AO\",\"@id\":\"https:\/\/aresmaximus.com\/#\/schema\/logo\/image\/\",\"url\":\"https:\/\/aresmaximus.com\/wp-content\/uploads\/2025\/11\/ar-bl.jpg\",\"contentUrl\":\"https:\/\/aresmaximus.com\/wp-content\/uploads\/2025\/11\/ar-bl.jpg\",\"width\":1563,\"height\":1563,\"caption\":\"ARES MAXIMUS Trading LDA\"},\"image\":{\"@id\":\"https:\/\/aresmaximus.com\/#\/schema\/logo\/image\/\"}}]}<\/script>\n<!-- \/ Yoast SEO plugin. -->","yoast_head_json":{"title":"Nachhaltige Entwicklung - ARES MAXIMUS Trading LDA","robots":{"index":"index","follow":"follow","max-snippet":"max-snippet:-1","max-image-preview":"max-image-preview:large","max-video-preview":"max-video-preview:-1"},"canonical":"https:\/\/aresmaximus.com\/pt\/ueber-uns\/nachhaltige-entwicklung\/","og_locale":"pt_PT","og_type":"article","og_title":"Nachhaltige Entwicklung - ARES MAXIMUS Trading LDA","og_description":"Ressourcen nutzen. \u00d6kosysteme sch\u00fctzen. Zukunft sichern. Nachhaltige Entwicklung Nachhaltige Entwicklung Ein Gleichgewicht zwischen Nutzen und Natur. Nachhaltigkeit ist keine Erg\u00e4nzung unseres Handelns, sondern der Kern aller Entscheidungen. Unsere Projekte folgen einem strengen Umweltparadigma, das \u00f6kologische Belastungen reduziert, nat\u00fcrliche Ressourcen sch\u00fctzt und langfristige Entwicklung erm\u00f6glicht. 95%+ aller Projektprozesse unterliegen kontinuierlichem Umweltmonitoring &gt; 12 spezialisierte Umweltprogramme integriert [&hellip;]","og_url":"https:\/\/aresmaximus.com\/pt\/ueber-uns\/nachhaltige-entwicklung\/","og_site_name":"ARES MAXIMUS Trading LDA","article_modified_time":"2025-11-24T14:08:46+00:00","og_image":[{"width":1000,"height":750,"url":"https:\/\/aresmaximus.com\/wp-content\/uploads\/2025\/11\/DJI_0014-min.jpg","type":"image\/jpeg"}],"twitter_card":"summary_large_image","twitter_misc":{"Est. reading time":"1 minuto"},"schema":{"@context":"https:\/\/schema.org","@graph":[{"@type":"WebPage","@id":"https:\/\/aresmaximus.com\/ueber-uns\/nachhaltige-entwicklung\/","url":"https:\/\/aresmaximus.com\/ueber-uns\/nachhaltige-entwicklung\/","name":"Nachhaltige Entwicklung - ARES MAXIMUS Trading LDA","isPartOf":{"@id":"https:\/\/aresmaximus.com\/#website"},"primaryImageOfPage":{"@id":"https:\/\/aresmaximus.com\/ueber-uns\/nachhaltige-entwicklung\/#primaryimage"},"image":{"@id":"https:\/\/aresmaximus.com\/ueber-uns\/nachhaltige-entwicklung\/#primaryimage"},"thumbnailUrl":"https:\/\/aresmaximus.com\/wp-content\/uploads\/2025\/11\/DJI_0014-min.jpg","datePublished":"2025-11-13T15:08:07+00:00","dateModified":"2025-11-24T14:08:46+00:00","breadcrumb":{"@id":"https:\/\/aresmaximus.com\/ueber-uns\/nachhaltige-entwicklung\/#breadcrumb"},"inLanguage":"pt-AO","potentialAction":[{"@type":"ReadAction","target":["https:\/\/aresmaximus.com\/ueber-uns\/nachhaltige-entwicklung\/"]}]},{"@type":"ImageObject","inLanguage":"pt-AO","@id":"https:\/\/aresmaximus.com\/ueber-uns\/nachhaltige-entwicklung\/#primaryimage","url":"https:\/\/aresmaximus.com\/wp-content\/uploads\/2025\/11\/DJI_0014-min.jpg","contentUrl":"https:\/\/aresmaximus.com\/wp-content\/uploads\/2025\/11\/DJI_0014-min.jpg"},{"@type":"BreadcrumbList","@id":"https:\/\/aresmaximus.com\/ueber-uns\/nachhaltige-entwicklung\/#breadcrumb","itemListElement":[{"@type":"ListItem","position":1,"name":"Startseite","item":"https:\/\/aresmaximus.com\/"},{"@type":"ListItem","position":2,"name":"\u00dcber uns","item":"https:\/\/aresmaximus.com\/ueber-uns\/"},{"@type":"ListItem","position":3,"name":"Nachhaltige Entwicklung"}]},{"@type":"WebSite","@id":"https:\/\/aresmaximus.com\/#website","url":"https:\/\/aresmaximus.com\/","name":"ARES MAXIMUS Trading LDA","description":"| Do fundo da terra \u00e0 luz do dia","publisher":{"@id":"https:\/\/aresmaximus.com\/#organization"},"potentialAction":[{"@type":"SearchAction","target":{"@type":"EntryPoint","urlTemplate":"https:\/\/aresmaximus.com\/?s={search_term_string}"},"query-input":{"@type":"PropertyValueSpecification","valueRequired":true,"valueName":"search_term_string"}}],"inLanguage":"pt-AO"},{"@type":"Organization","@id":"https:\/\/aresmaximus.com\/#organization","name":"ARES MAXIMUS Trading LDA","url":"https:\/\/aresmaximus.com\/","logo":{"@type":"ImageObject","inLanguage":"pt-AO","@id":"https:\/\/aresmaximus.com\/#\/schema\/logo\/image\/","url":"https:\/\/aresmaximus.com\/wp-content\/uploads\/2025\/11\/ar-bl.jpg","contentUrl":"https:\/\/aresmaximus.com\/wp-content\/uploads\/2025\/11\/ar-bl.jpg","width":1563,"height":1563,"caption":"ARES MAXIMUS Trading LDA"},"image":{"@id":"https:\/\/aresmaximus.com\/#\/schema\/logo\/image\/"}}]}},"_links":{"self":[{"href":"https:\/\/aresmaximus.com\/pt\/wp-json\/wp\/v2\/pages\/74","targetHints":{"allow":["GET"]}}],"collection":[{"href":"https:\/\/aresmaximus.com\/pt\/wp-json\/wp\/v2\/pages"}],"about":[{"href":"https:\/\/aresmaximus.com\/pt\/wp-json\/wp\/v2\/types\/page"}],"author":[{"embeddable":true,"href":"https:\/\/aresmaximus.com\/pt\/wp-json\/wp\/v2\/users\/1"}],"replies":[{"embeddable":true,"href":"https:\/\/aresmaximus.com\/pt\/wp-json\/wp\/v2\/comments?post=74"}],"version-history":[{"count":11,"href":"https:\/\/aresmaximus.com\/pt\/wp-json\/wp\/v2\/pages\/74\/revisions"}],"predecessor-version":[{"id":937,"href":"https:\/\/aresmaximus.com\/pt\/wp-json\/wp\/v2\/pages\/74\/revisions\/937"}],"up":[{"embeddable":true,"href":"https:\/\/aresmaximus.com\/pt\/wp-json\/wp\/v2\/pages\/51"}],"wp:attachment":[{"href":"https:\/\/aresmaximus.com\/pt\/wp-json\/wp\/v2\/media?parent=74"}],"curies":[{"name":"wp","href":"https:\/\/api.w.org\/{rel}","templated":true}]}}